{"id":941,"date":"2023-10-11T16:37:44","date_gmt":"2023-10-11T16:37:44","guid":{"rendered":"https:\/\/produckkft.com\/?page_id=941"},"modified":"2023-10-14T09:58:55","modified_gmt":"2023-10-14T09:58:55","slug":"ertekesito","status":"publish","type":"page","link":"https:\/\/produckkft.com\/?page_id=941","title":{"rendered":"\u00c9rt\u00e9kes\u00edt\u0151"},"content":{"rendered":"\t\t<div data-elementor-type=\"wp-page\" data-elementor-id=\"941\" class=\"elementor elementor-941\">\n\t\t\t\t\t\t\t\t\t<section class=\"elementor-section elementor-top-section elementor-element elementor-element-5a6e5f7 elementor-section-height-min-height elementor-section-boxed elementor-section-height-default elementor-section-items-middle\" data-id=\"5a6e5f7\" data-element_type=\"section\" data-settings=\"{&quot;background_background&quot;:&quot;classic&quot;}\">\n\t\t\t\t\t\t\t<div class=\"elementor-background-overlay\"><\/div>\n\t\t\t\t\t\t\t<div class=\"elementor-container elementor-column-gap-default\">\n\t\t\t\t\t<div class=\"elementor-column elementor-col-100 elementor-top-column elementor-element elementor-element-0666a2b\" data-id=\"0666a2b\" data-element_type=\"column\" data-settings=\"{&quot;background_background&quot;:&quot;classic&quot;}\">\n\t\t\t<div class=\"elementor-widget-wrap elementor-element-populated\">\n\t\t\t\t\t\t\t\t<div class=\"elementor-element elementor-element-8f0bbc2 elementor-widget elementor-widget-heading\" data-id=\"8f0bbc2\" data-element_type=\"widget\" data-widget_type=\"heading.default\">\n\t\t\t\t<div class=\"elementor-widget-container\">\n\t\t\t<style>\/*! elementor - v3.16.0 - 14-09-2023 *\/\n.elementor-heading-title{padding:0;margin:0;line-height:1}.elementor-widget-heading .elementor-heading-title[class*=elementor-size-]>a{color:inherit;font-size:inherit;line-height:inherit}.elementor-widget-heading .elementor-heading-title.elementor-size-small{font-size:15px}.elementor-widget-heading .elementor-heading-title.elementor-size-medium{font-size:19px}.elementor-widget-heading .elementor-heading-title.elementor-size-large{font-size:29px}.elementor-widget-heading .elementor-heading-title.elementor-size-xl{font-size:39px}.elementor-widget-heading .elementor-heading-title.elementor-size-xxl{font-size:59px}<\/style><h1 class=\"elementor-heading-title elementor-size-default\">ProDuck Kft.<\/h1>\t\t<\/div>\n\t\t\t\t<\/div>\n\t\t\t\t<div class=\"elementor-element elementor-element-7ffa55a elementor-widget elementor-widget-heading\" data-id=\"7ffa55a\" data-element_type=\"widget\" data-widget_type=\"heading.default\">\n\t\t\t\t<div class=\"elementor-widget-container\">\n\t\t\t<h2 class=\"elementor-heading-title elementor-size-default\">\u00c9RT\u00c9KES\u00cdT\u0150<\/h2>\t\t<\/div>\n\t\t\t\t<\/div>\n\t\t\t\t\t<\/div>\n\t\t<\/div>\n\t\t\t\t\t\t\t<\/div>\n\t\t<\/section>\n\t\t<div class=\"elementor-element elementor-element-4146a0c e-flex e-con-boxed e-con e-parent\" data-id=\"4146a0c\" data-element_type=\"container\" data-settings=\"{&quot;content_width&quot;:&quot;boxed&quot;}\" data-core-v316-plus=\"true\">\n\t\t\t\t\t<div class=\"e-con-inner\">\n\t\t\t\t<div class=\"elementor-element elementor-element-5eda000 elementor-widget__width-initial elementor-widget elementor-widget-text-editor\" data-id=\"5eda000\" data-element_type=\"widget\" data-widget_type=\"text-editor.default\">\n\t\t\t\t<div class=\"elementor-widget-container\">\n\t\t\t<style>\/*! elementor - v3.16.0 - 14-09-2023 *\/\n.elementor-widget-text-editor.elementor-drop-cap-view-stacked .elementor-drop-cap{background-color:#69727d;color:#fff}.elementor-widget-text-editor.elementor-drop-cap-view-framed .elementor-drop-cap{color:#69727d;border:3px solid;background-color:transparent}.elementor-widget-text-editor:not(.elementor-drop-cap-view-default) .elementor-drop-cap{margin-top:8px}.elementor-widget-text-editor:not(.elementor-drop-cap-view-default) .elementor-drop-cap-letter{width:1em;height:1em}.elementor-widget-text-editor .elementor-drop-cap{float:left;text-align:center;line-height:1;font-size:50px}.elementor-widget-text-editor .elementor-drop-cap-letter{display:inline-block}<\/style>\t\t\t\t<p data-wpmeteor-mouseover=\"true\" data-wpmeteor-mouseout=\"true\">Export \u00e9rt\u00e9kes\u00edt\u0151\u00a0\u00e1ll\u00e1slehet\u0151s\u00e9get aj\u00e1nlok fix, plusz jutal\u00e9kos rendszerben a Pro-Duck Kft-n\u00e9l, Kecskem\u00e9t k\u00f6rny\u00e9ki, vagy budapesti munkav\u00e9gz\u00e9si helyre.<\/p><p>Ne hagyd ki a lehet\u0151s\u00e9get, ha egy n\u00f6vekv\u0151, magyar tulajdon\u00fa, biztos j\u00f6v\u0151j\u0171\u00a0c\u00e9gn\u00e9l szeretn\u00e9l dolgozni, olvass tov\u00e1bb \u00e9s jelentkezz!\u00a0<\/p>\t\t\t\t\t\t<\/div>\n\t\t\t\t<\/div>\n\t\t\t\t<div class=\"elementor-element elementor-element-5660f41 elementor-widget__width-initial elementor-widget elementor-widget-text-editor\" data-id=\"5660f41\" data-element_type=\"widget\" data-widget_type=\"text-editor.default\">\n\t\t\t\t<div class=\"elementor-widget-container\">\n\t\t\t\t\t\t\t<p>\u00d6n\u00e9letrajzodat az info@nkhr.hu e-mail c\u00edmre v\u00e1rom.<\/p>\t\t\t\t\t\t<\/div>\n\t\t\t\t<\/div>\n\t\t\t\t<div class=\"elementor-element elementor-element-88b5f53 elementor-widget__width-initial elementor-widget elementor-widget-heading\" data-id=\"88b5f53\" data-element_type=\"widget\" data-widget_type=\"heading.default\">\n\t\t\t\t<div class=\"elementor-widget-container\">\n\t\t\t<h2 class=\"elementor-heading-title elementor-size-default\">\u201eMagyar term\u00e9k, vil\u00e1gsz\u00ednvonal\u00fa min\u0151s\u00e9g\u201d<\/h2>\t\t<\/div>\n\t\t\t\t<\/div>\n\t\t\t\t<div class=\"elementor-element elementor-element-5ad0122 elementor-widget__width-initial elementor-widget elementor-widget-text-editor\" data-id=\"5ad0122\" data-element_type=\"widget\" data-widget_type=\"text-editor.default\">\n\t\t\t\t<div class=\"elementor-widget-container\">\n\t\t\t\t\t\t\t<p>Magyar tulajdonban l\u00e9v\u0151\u00a0c\u00e9g\u00fcnk, pr\u00e9mium min\u0151s\u00e9g\u0171\u00a0kukoric\u00e1s csirke, kacsa, liba \u00e9s galamb term\u00e9keket \u00e9rt\u00e9kes\u00edt a vil\u00e1g minden t\u00e1j\u00e1n. H\u00e1rom gener\u00e1ci\u00f3 \u00f3ta m\u0171k\u00f6d\u0151\u00a0v\u00e1llalkoz\u00e1sunk egyre nagyobb teret h\u00f3d\u00edt a magyar- \u00e9s nemzetk\u00f6zi \u00e9lelmiszer piacon, k\u00f6sz\u00f6nhet\u0151en a kiv\u00e1l\u00f3 min\u0151s\u00e9gnek, megb\u00edzhat\u00f3s\u00e1gnak \u00e9s koll\u00e9g\u00e1ink elhivatotts\u00e1g\u00e1nak.<\/p><p>Legy\u00e9l te is siker\u00fcnk r\u00e9szese, kiv\u00e1l\u00f3 csapatunk tagja,\u00a0Export \u00e9rt\u00e9kes\u00edt\u0151\u00a0poz\u00edci\u00f3ban!<\/p>\t\t\t\t\t\t<\/div>\n\t\t\t\t<\/div>\n\t\t\t\t<div class=\"elementor-element elementor-element-35b76ac elementor-widget__width-initial elementor-widget elementor-widget-heading\" data-id=\"35b76ac\" data-element_type=\"widget\" data-widget_type=\"heading.default\">\n\t\t\t\t<div class=\"elementor-widget-container\">\n\t\t\t<h2 class=\"elementor-heading-title elementor-size-default\">Mire sz\u00e1m\u00edthatsz n\u00e1lunk?<\/h2>\t\t<\/div>\n\t\t\t\t<\/div>\n\t\t\t\t<div class=\"elementor-element elementor-element-5e06b01 elementor-widget__width-initial elementor-widget elementor-widget-text-editor\" data-id=\"5e06b01\" data-element_type=\"widget\" data-widget_type=\"text-editor.default\">\n\t\t\t\t<div class=\"elementor-widget-container\">\n\t\t\t\t\t\t\t<p>\u2013 Nagyon rugalmas munkaid\u0151re<\/p><p>\u2013 A munk\u00e1ba j\u00e1r\u00e1s teljes t\u00e1mogat\u00e1s\u00e1ra<\/p><p>\u2013 Biztos, megb\u00edzhat\u00f3 munkahelyre<\/p><p>\u2013 M\u00e1r megl\u00e9v\u0151\u00a0partnerekre<\/p><p>\u2013 Fix alapb\u00e9rre, plusz jutal\u00e9kra az \u00e9rt\u00e9kes\u00edt\u00e9sek ut\u00e1n<\/p><p>\u2013 Modern, kultur\u00e1lt munkak\u00f6rnyezetre<\/p><p>\u2013 Laptopot biztos\u00edtunk sz\u00e1modra<\/p><p>\u2013 Mobiltelefont is kapsz, korl\u00e1tlan haszn\u00e1lattal<\/p>\t\t\t\t\t\t<\/div>\n\t\t\t\t<\/div>\n\t\t\t\t<div class=\"elementor-element elementor-element-1d8ba5f elementor-widget__width-initial elementor-widget elementor-widget-heading\" data-id=\"1d8ba5f\" data-element_type=\"widget\" data-widget_type=\"heading.default\">\n\t\t\t\t<div class=\"elementor-widget-container\">\n\t\t\t<h2 class=\"elementor-heading-title elementor-size-default\">Feladatok, amiket r\u00e1d b\u00edzn\u00e1nk:\n<\/h2>\t\t<\/div>\n\t\t\t\t<\/div>\n\t\t\t\t<div class=\"elementor-element elementor-element-2799dbc elementor-widget__width-initial elementor-widget elementor-widget-text-editor\" data-id=\"2799dbc\" data-element_type=\"widget\" data-widget_type=\"text-editor.default\">\n\t\t\t\t<div class=\"elementor-widget-container\">\n\t\t\t\t\t\t\t<p>\u2013 Megl\u00e9v\u0151\u00a0partnerekkel kapcsolattart\u00e1s<\/p><p>\u2013 \u00daj partnerek felkutat\u00e1sa k\u00fclf\u00f6ld\u00f6n<\/p><p>\u2013 Aj\u00e1nlatok elk\u00e9sz\u00edt\u00e9se, t\u00e1rgyal\u00e1sok lebonyol\u00edt\u00e1sa leend\u0151\u00a0\u00fcgyfelekkel, szerz\u0151d\u00e9sek megk\u00f6t\u00e9se<\/p><p>\u2013 K\u00fclf\u00f6ldi utak megszervez\u00e9se, esetleges t\u00e1rgyal\u00e1sok, ki\u00e1ll\u00edt\u00e1sokon r\u00e9szv\u00e9tel \u00e9vente n\u00e9h\u00e1ny alkalommal<\/p><p>\u2013 Heti riport\u00e1l\u00e1s vezet\u0151s\u00e9g fel\u00e9<\/p><p>\u00a0<\/p>\t\t\t\t\t\t<\/div>\n\t\t\t\t<\/div>\n\t\t\t\t<div class=\"elementor-element elementor-element-1491156 elementor-widget__width-initial elementor-widget elementor-widget-heading\" data-id=\"1491156\" data-element_type=\"widget\" data-widget_type=\"heading.default\">\n\t\t\t\t<div class=\"elementor-widget-container\">\n\t\t\t<h2 class=\"elementor-heading-title elementor-size-default\">Mit k\u00e9r\u00fcnk t\u0151led?\n<\/h2>\t\t<\/div>\n\t\t\t\t<\/div>\n\t\t\t\t<div class=\"elementor-element elementor-element-3fcd018 elementor-widget__width-initial elementor-widget elementor-widget-text-editor\" data-id=\"3fcd018\" data-element_type=\"widget\" data-widget_type=\"text-editor.default\">\n\t\t\t\t<div class=\"elementor-widget-container\">\n\t\t\t\t\t\t\t<p>\u2013 \u00c9rt\u00e9kes\u00edt\u00e9sben szerezt\u00e9l m\u00e1r tapasztalatot, \u00e9rt\u00e9kes\u00edt\u00e9si szeml\u00e9leted van \u00e9s szereted is ezt a munk\u00e1t<\/p><p>\u2013 Angolul \u00e9s olaszul t\u00e1rgyal\u00e1si szinten besz\u00e9lsz (els\u0151\u00a0partnereid olaszul besz\u00e9l\u0151\u00a0\u00fcgyfelek lesznek)<\/p><p>\u2013 K\u00f6z\u00e9pfok\u00fa v\u00e9gzetts\u00e9ged van<\/p>\t\t\t\t\t\t<\/div>\n\t\t\t\t<\/div>\n\t\t\t\t<div class=\"elementor-element elementor-element-acd9de8 elementor-widget__width-initial elementor-widget elementor-widget-heading\" data-id=\"acd9de8\" data-element_type=\"widget\" data-widget_type=\"heading.default\">\n\t\t\t\t<div class=\"elementor-widget-container\">\n\t\t\t<h2 class=\"elementor-heading-title elementor-size-default\">Nagyon \u00f6r\u00fcl\u00fcnk, ha...<\/h2>\t\t<\/div>\n\t\t\t\t<\/div>\n\t\t\t\t<div class=\"elementor-element elementor-element-0e977ab elementor-widget__width-initial elementor-widget elementor-widget-text-editor\" data-id=\"0e977ab\" data-element_type=\"widget\" data-widget_type=\"text-editor.default\">\n\t\t\t\t<div class=\"elementor-widget-container\">\n\t\t\t\t\t\t\t<p>\u2013 N\u00e9met, francia vagy m\u00e1s nyelvtud\u00e1sod is van<\/p><p>\u2013 Fels\u0151fok\u00fa v\u00e9gzetts\u00e9ggel rendelkezel<\/p><p>\u2013 Kecskem\u00e9t k\u00f6zel\u00e9ben, vagy Budapesten laksz<\/p>\t\t\t\t\t\t<\/div>\n\t\t\t\t<\/div>\n\t\t\t\t\t<\/div>\n\t\t\t\t<\/div>\n\t\t\t\t\t\t\t<\/div>\n\t\t","protected":false},"excerpt":{"rendered":"<p>ProDuck Kft. \u00c9RT\u00c9KES\u00cdT\u0150 Export \u00e9rt\u00e9kes\u00edt\u0151\u00a0\u00e1ll\u00e1slehet\u0151s\u00e9get aj\u00e1nlok fix, plusz jutal\u00e9kos rendszerben a Pro-Duck Kft-n\u00e9l, Kecskem\u00e9t k\u00f6rny\u00e9ki, vagy budapesti munkav\u00e9gz\u00e9si helyre. Ne hagyd ki a lehet\u0151s\u00e9get, ha egy n\u00f6vekv\u0151, magyar tulajdon\u00fa, biztos j\u00f6v\u0151j\u0171\u00a0c\u00e9gn\u00e9l szeretn\u00e9l dolgozni, olvass tov\u00e1bb \u00e9s jelentkezz!\u00a0 \u00d6n\u00e9letrajzodat az info@nkhr.hu e-mail c\u00edmre v\u00e1rom. \u201eMagyar term\u00e9k, vil\u00e1gsz\u00ednvonal\u00fa min\u0151s\u00e9g\u201d Magyar tulajdonban l\u00e9v\u0151\u00a0c\u00e9g\u00fcnk, pr\u00e9mium min\u0151s\u00e9g\u0171\u00a0kukoric\u00e1s csirke, kacsa, liba &#8230; <a title=\"\u00c9rt\u00e9kes\u00edt\u0151\" class=\"read-more\" href=\"https:\/\/produckkft.com\/?page_id=941\" aria-label=\"Tov\u00e1bbiak \u00c9rt\u00e9kes\u00edt\u0151\">Olvass tov\u00e1bb<\/a><\/p>\n","protected":false},"author":2,"featured_media":0,"parent":0,"menu_order":0,"comment_status":"closed","ping_status":"closed","template":"elementor_header_footer","meta":{"footnotes":""},"class_list":["post-941","page","type-page","status-publish"],"_links":{"self":[{"href":"https:\/\/produckkft.com\/index.php?rest_route=\/wp\/v2\/pages\/941","targetHints":{"allow":["GET"]}}],"collection":[{"href":"https:\/\/produckkft.com\/index.php?rest_route=\/wp\/v2\/pages"}],"about":[{"href":"https:\/\/produckkft.com\/index.php?rest_route=\/wp\/v2\/types\/page"}],"author":[{"embeddable":true,"href":"https:\/\/produckkft.com\/index.php?rest_route=\/wp\/v2\/users\/2"}],"replies":[{"embeddable":true,"href":"https:\/\/produckkft.com\/index.php?rest_route=%2Fwp%2Fv2%2Fcomments&post=941"}],"version-history":[{"count":25,"href":"https:\/\/produckkft.com\/index.php?rest_route=\/wp\/v2\/pages\/941\/revisions"}],"predecessor-version":[{"id":1164,"href":"https:\/\/produckkft.com\/index.php?rest_route=\/wp\/v2\/pages\/941\/revisions\/1164"}],"wp:attachment":[{"href":"https:\/\/produckkft.com\/index.php?rest_route=%2Fwp%2Fv2%2Fmedia&parent=941"}],"curies":[{"name":"wp","href":"https:\/\/api.w.org\/{rel}","templated":true}]}}