{"id":422,"date":"2023-09-23T13:24:49","date_gmt":"2023-09-23T13:24:49","guid":{"rendered":"https:\/\/produckkft.com\/?post_type=product&#038;p=422"},"modified":"2024-12-02T08:58:08","modified_gmt":"2024-12-02T08:58:08","slug":"hizott-kacsamaj","status":"publish","type":"product","link":"https:\/\/produckkft.com\/?product=hizott-kacsamaj","title":{"rendered":"H\u00edzott kacsam\u00e1j"},"content":{"rendered":"<p>A csomag tartalma: 1 kg pr\u00e9mium min\u0151s\u00e9g\u0171 h\u00edzott kacsam\u00e1j v\u00e1kuum tasakban.<\/p>\n<p>10.000 Ft feletti v\u00e1s\u00e1rl\u00e1s eset\u00e9n INGYENES h\u00e1zhozsz\u00e1ll\u00edt\u00e1s!<\/p>\n<p>A h\u00fasterm\u00e9keinket speci\u00e1lis fagyaszt\u00f3s h\u0171t\u0151aut\u00f3kkal sz\u00e1ll\u00edtjuk az \u00f6n \u00e1ltal megadott c\u00edmre. A kisz\u00e1ll\u00edt\u00e1s minden h\u00e9ten szerd\u00e1n t\u00f6rt\u00e9nik.<\/p>\n<p>A term\u00e9k j\u00f3l \u00e1ts\u00fctve fogyasztand\u00f3! Az \u00e1llatv\u00e9delmi el\u0151\u00edr\u00e1soknak megfelel\u0151 t\u00f6m\u00e9ses hizlal\u00e1sb\u00f3l. Hat\u00f3s\u00e1gi \u00e1llatorvos ellen\u0151rizte!<\/p>\n<p>Sz\u00e1rmaz\u00e1si hely: Magyarorsz\u00e1g<\/p>\n","protected":false},"excerpt":{"rendered":"<p>A csomag tartalma: 1 kg pr\u00e9mium min\u0151s\u00e9g\u0171 h\u00edzott kacsam\u00e1j v\u00e1kuum tasakban. 10.000 Ft feletti v\u00e1s\u00e1rl\u00e1s eset\u00e9n INGYENES h\u00e1zhozsz\u00e1ll\u00edt\u00e1s! A h\u00fasterm\u00e9keinket speci\u00e1lis fagyaszt\u00f3s h\u0171t\u0151aut\u00f3kkal sz\u00e1ll\u00edtjuk az \u00f6n \u00e1ltal megadott c\u00edmre. A kisz\u00e1ll\u00edt\u00e1s minden h\u00e9ten szerd\u00e1n t\u00f6rt\u00e9nik. A term\u00e9k j\u00f3l \u00e1ts\u00fctve fogyasztand\u00f3! Az \u00e1llatv\u00e9delmi el\u0151\u00edr\u00e1soknak megfelel\u0151 t\u00f6m\u00e9ses hizlal\u00e1sb\u00f3l. Hat\u00f3s\u00e1gi \u00e1llatorvos ellen\u0151rizte! Sz\u00e1rmaz\u00e1si hely: Magyarorsz\u00e1g<\/p>\n","protected":false},"featured_media":442,"comment_status":"open","ping_status":"closed","template":"","meta":[],"product_brand":[],"product_cat":[25],"product_tag":[],"class_list":{"0":"post-422","1":"product","2":"type-product","3":"status-publish","4":"has-post-thumbnail","6":"product_cat-kacsa","8":"first","9":"instock","10":"shipping-taxable","11":"purchasable","12":"product-type-simple"},"_links":{"self":[{"href":"https:\/\/produckkft.com\/index.php?rest_route=\/wp\/v2\/product\/422","targetHints":{"allow":["GET"]}}],"collection":[{"href":"https:\/\/produckkft.com\/index.php?rest_route=\/wp\/v2\/product"}],"about":[{"href":"https:\/\/produckkft.com\/index.php?rest_route=\/wp\/v2\/types\/product"}],"replies":[{"embeddable":true,"href":"https:\/\/produckkft.com\/index.php?rest_route=%2Fwp%2Fv2%2Fcomments&post=422"}],"wp:featuredmedia":[{"embeddable":true,"href":"https:\/\/produckkft.com\/index.php?rest_route=\/wp\/v2\/media\/442"}],"wp:attachment":[{"href":"https:\/\/produckkft.com\/index.php?rest_route=%2Fwp%2Fv2%2Fmedia&parent=422"}],"wp:term":[{"taxonomy":"product_brand","embeddable":true,"href":"https:\/\/produckkft.com\/index.php?rest_route=%2Fwp%2Fv2%2Fproduct_brand&post=422"},{"taxonomy":"product_cat","embeddable":true,"href":"https:\/\/produckkft.com\/index.php?rest_route=%2Fwp%2Fv2%2Fproduct_cat&post=422"},{"taxonomy":"product_tag","embeddable":true,"href":"https:\/\/produckkft.com\/index.php?rest_route=%2Fwp%2Fv2%2Fproduct_tag&post=422"}],"curies":[{"name":"wp","href":"https:\/\/api.w.org\/{rel}","templated":true}]}}